{"id":1907,"date":"2016-08-30T11:54:28","date_gmt":"2016-08-30T15:54:28","guid":{"rendered":"https:\/\/dev.locationsportmotoneige.com\/accueil\/"},"modified":"2026-03-19T15:28:48","modified_gmt":"2026-03-19T19:28:48","slug":"accueil","status":"publish","type":"page","link":"https:\/\/locationsportmotoneige.com\/en\/","title":{"rendered":"Home"},"content":{"rendered":"<div class=\"wpb-content-wrapper\"><p>[vc_row disable_element=&#8221;yes&#8221;][vc_column][vc_empty_space][vc_cta h2=&#8221;La saison 2025-2026 est maintenant termin\u00e9e! R\u00e9servez maintenant pour l&#8217;ann\u00e9e prochaine! The 2025-2026 season is now over! Book now for next year!&#8221; txt_align=&#8221;center&#8221; css=&#8221;&#8221;][\/vc_cta][vc_empty_space height=&#8221;20px&#8221;][vc_cta h2=&#8221;**NEW**&#8221; h4=&#8221;2-hour guided group package, available during the holiday season and during spring break!&#8221; txt_align=&#8221;center&#8221; css=&#8221;&#8221;][\/vc_cta][vc_empty_space height=&#8221;20px&#8221;][vc_cta h2=&#8221;How it works?&#8221; txt_align=&#8221;center&#8221; color=&#8221;black&#8221; add_button=&#8221;right&#8221; btn_title=&#8221;Click HERE to know more!&#8221; btn_color=&#8221;black&#8221; btn_align=&#8221;center&#8221; btn_link=&#8221;url:https%3A%2F%2Flocationsportmotoneige.com%2Fen%2Ffaq%2F|title:FAQ|&#8221;][\/vc_cta][vc_empty_space height=&#8221;20px&#8221;][\/vc_column][\/vc_row][vc_row css=&#8221;.vc_custom_1763666130713{margin-top: 30px !important;margin-bottom: 30px !important;}&#8221;][vc_column][vc_row_inner equal_height=&#8221;yes&#8221; gap=&#8221;30&#8243; el_class=&#8221;promos-accueil-en&#8221;][vc_column_inner width=&#8221;1\/3&#8243;][vc_column_text css=&#8221;&#8221;]<\/p>\n<h4 style=\"text-align: center;\">The 2025-2026 season is now over! Book now for next year!<\/h4>\n<p>[\/vc_column_text][vc_btn title=&#8221;book now!&#8221; style=&#8221;outline-custom&#8221; outline_custom_color=&#8221;#194286&#8243; outline_custom_hover_background=&#8221;#000000&#8243; align=&#8221;center&#8221; css=&#8221;&#8221; link=&#8221;url:https%3A%2F%2Flocationsportmotoneige.com%2Fen%2Freserve-now%2F&#8221;][\/vc_column_inner][vc_column_inner width=&#8221;1\/3&#8243;][vc_column_text css=&#8221;&#8221;]<\/p>\n<h4 style=\"text-align: center;\">**NEW**<\/h4>\n<p style=\"text-align: center;\"><strong>2-hour guided group package, available during the holiday season and during spring break!<br \/>\n<\/strong>[\/vc_column_text][\/vc_column_inner][vc_column_inner width=&#8221;1\/3&#8243;][vc_column_text css=&#8221;&#8221;]<\/p>\n<h4 style=\"text-align: center;\">How it works?<\/h4>\n<p>[\/vc_column_text][vc_btn title=&#8221;Click HERE to know more!&#8221; style=&#8221;outline-custom&#8221; outline_custom_color=&#8221;#194286&#8243; outline_custom_hover_background=&#8221;#000000&#8243; align=&#8221;center&#8221; css=&#8221;&#8221; link=&#8221;url:https%3A%2F%2Flocationsportmotoneige.com%2Fen%2Ffaq%2F&#8221;][\/vc_column_inner][\/vc_row_inner][\/vc_column][\/vc_row][vc_row][vc_column][vc_column_text][\/vc_column_text][\/vc_column][\/vc_row][vc_row full_width=&#8221;stretch_row&#8221; equal_height=&#8221;yes&#8221; content_placement=&#8221;middle&#8221; css=&#8221;.vc_custom_1541792599024{margin-top: 1px !important;background-color: #194286 !important;}&#8221; el_class=&#8221;bande-bleu&#8221;][vc_column width=&#8221;3\/4&#8243;][vc_column_text]<\/p>\n<h2>BOOK YOUR SNOWMOBILE TRIP<\/h2>\n<p>[\/vc_column_text][\/vc_column][vc_column width=&#8221;1\/4&#8243;][vc_btn title=&#8221;CONTACT-US&#8221; style=&#8221;outline-custom&#8221; outline_custom_color=&#8221;#ffffff&#8221; outline_custom_hover_background=&#8221;#3c3c3c&#8221; outline_custom_hover_text=&#8221;#ffffff&#8221; css=&#8221;.vc_custom_1763669248361{margin-top: 25px !important;}&#8221; link=&#8221;url:https%3A%2F%2Flocationsportmotoneige.com%2Fen%2Fcontact-us%2F|&#8221;][\/vc_column][\/vc_row][vc_row full_width=&#8221;stretch_row&#8221; css=&#8221;.vc_custom_1543954409236{background-image: url(https:\/\/locationsportmotoneige.com\/wp-content\/uploads\/2018\/11\/location-motoneige.jpg?id=1476) !important;background-position: center !important;background-repeat: no-repeat !important;background-size: cover !important;}&#8221; el_class=&#8221;bloc-location-motoneige&#8221;][vc_column width=&#8221;2\/3&#8243;][vc_empty_space height=&#8221;15px&#8221;][vc_column_text css=&#8221;&#8221; el_class=&#8221;sc_section_subtitle&#8221;]RENT DIRECTLY FROM THE RETAILER!<\/p>\n<h1>Snowmobile rental (with or without a guide) in the Laurentians<\/h1>\n<p>[\/vc_column_text][vc_separator color=&#8221;custom&#8221; align=&#8221;align_left&#8221; border_width=&#8221;3&#8243; el_width=&#8221;20&#8243; css=&#8221;.vc_custom_1543956219253{margin-top: 35px !important;margin-bottom: 45px !important;}&#8221; accent_color=&#8221;#c6d534&#8243;][vc_column_text css=&#8221;&#8221;]New : Discover our innovative and eco-friendly Taiga Nomad electric snowmobiles for a unique experience combining performance and respect for the environment.<\/p>\n<p>For over 20 years, Location Sport Motoneige has been the benchmark for high-end snowmobile rentals and short-term all-inclusive snowmobile packages in Quebec. We offer rentals for a day, weekend, short stay or block of hours. Set off on a four-stroke Yamaha snowmobile that\u2019s renowned for its quiet engine, reliability and low fuel consumption.<\/p>\n<p><strong>Choose your adventure.<\/strong> We provide guided tours so you can safely explore the most stunning trails and rentals without a guide for ultimate freedom. In collaboration with <strong>Desjardins Marine<\/strong> and our hotel partners, we offer tailored packages for all levels.<\/p>\n<p><strong><a href=\"https:\/\/locationsportmotoneige.com\/en\/reserve-now\/\">\u21e8 Reserve a snowmobile<\/a><\/strong> in the Laurentians today and enjoy a thrilling winter activity.[\/vc_column_text][vc_empty_space height=&#8221;100px&#8221;][\/vc_column][vc_column width=&#8221;1\/3&#8243;][\/vc_column][\/vc_row][vc_row full_width=&#8221;stretch_row_content_no_spaces&#8221; equal_height=&#8221;yes&#8221; content_placement=&#8221;middle&#8221; css=&#8221;.vc_custom_1541795263448{background-color: #262626 !important;}&#8221;][vc_column]<div class=\"columns_wrap sc_columns columns_nofluid no_margins sc_columns_count_4 custom_service_columns \" data-equal-height=\".sc_column_item\"><div class=\"column-1_4 sc_column_item sc_column_item_1 odd first\"><div class=\"sc_section margin_top_medium margin_right_medium margin_bottom_medium margin_left_medium\"><div class=\"sc_section_inner\"><div class=\"sc_section_content_wrap\">[vc_empty_space height=&#8221;2.2em&#8221;]<h5 class=\"sc_title sc_title_regular margin_top_tiny margin_bottom_tiny\" style=\"color:#ffffff;\">EXHILARATING AND EXCLUSIVE<\/h5>[vc_empty_space height=&#8221;0.1em&#8221;]<h2 class=\"sc_title sc_title_underline_dark margin_top_null margin_bottom_small\" style=\"color:#ffffff;\">Rent your snowmobile from Location Sport Motoneige!<\/h2>[vc_empty_space height=&#8221;0.6em&#8221;]<\/div><\/div><\/div><\/div><div class=\"column-1_4 sc_column_item sc_column_item_2 even\"><div id=\"sc_services_36982838_wrap\" class=\"sc_services_wrap\"><div id=\"sc_services_36982838\" class=\"sc_services sc_services_style_services-2 sc_services_type_icons \" style=\"width:100%;\">\t\t\t<div id=\"sc_services_36982838_1\"\t\t\t\tclass=\"sc_services_item sc_services_item_1 odd first bloc-accueil\"\n\t\t\t\t>\n\t\t\t\t\t\t\t\t\t<div class=\"sc_services_item_featured post_featured\">\n\t\t\t\t\t\t\t<div class=\"post_thumb\" data-image=\"\" data-title=\"Raids\">\n\t<a class=\"hover_icon hover_icon_link\" href=\"https:\/\/locationsportmotoneige.com\/en\/snowmobile-raids\/\"><img loading=\"lazy\" decoding=\"async\" class=\"wp-post-image\" width=\"370\" height=\"370\" alt=\"motoneige-accueil-4.jpg\" src=\"https:\/\/locationsportmotoneige.com\/wp-content\/uploads\/2018\/11\/motoneige-accueil-4-370x370.jpg\" title=\"\"><\/a>\t<\/div>\n\t\t\t\t\t\t\t<div class=\"sc_services_item_overlay\">\n\t\t\t\t\t\t\t<div class=\"sc_services_item_content\">\n\t\t\t\t\t\t\t\t\n\t\t\t\t\t\t\t\t\n\t\t\t\t\t\t\t\t<h4 class=\"sc_services_item_title\"><a href=\"https:\/\/locationsportmotoneige.com\/en\/snowmobile-raids\/\">Raids<\/a><\/h4>\n\t\t\t\t\t\t\t\t<div class=\"sc_services_item_description\">\n\t\t\t\t\t\t\t\t\t<a href=\"https:\/\/locationsportmotoneige.com\/en\/snowmobile-raids\/\" class=\"sc_button sc_button_square sc_button_style_filled sc_button_size_small\">Learn more<\/a>\t\t\t\t\t\t\t\t<\/div>\n\t\t\t\t\t\t\t<\/div>\n\t\t\t\t\t\t<\/div>\n\t\t\t\t\t<\/div>\n\t\t\t\t\t\t\t\t<\/div>\n\t\t<\/div><!-- \/.sc_services --><\/div><!-- \/.sc_services_wrap --><\/div><div class=\"column-1_4 sc_column_item sc_column_item_3 odd\"><div id=\"sc_services_1687664868_wrap\" class=\"sc_services_wrap\"><div id=\"sc_services_1687664868\" class=\"sc_services sc_services_style_services-2 sc_services_type_icons \" style=\"width:100%;\">\t\t\t<div id=\"sc_services_1687664868_1\"\t\t\t\tclass=\"sc_services_item sc_services_item_1 odd first bloc-accueil\"\n\t\t\t\t>\n\t\t\t\t\t\t\t\t\t<div class=\"sc_services_item_featured post_featured\">\n\t\t\t\t\t\t\t<div class=\"post_thumb\" data-image=\"\" data-title=\"Rates\">\n\t<a class=\"hover_icon hover_icon_link\" href=\"https:\/\/locationsportmotoneige.com\/en\/snowmobile-rental-rates\/\"><img loading=\"lazy\" decoding=\"async\" class=\"wp-post-image\" width=\"370\" height=\"370\" alt=\"motoneige-1.jpg\" src=\"https:\/\/locationsportmotoneige.com\/wp-content\/uploads\/2018\/11\/motoneige-1-370x370.jpg\" title=\"\"><\/a>\t<\/div>\n\t\t\t\t\t\t\t<div class=\"sc_services_item_overlay\">\n\t\t\t\t\t\t\t<div class=\"sc_services_item_content\">\n\t\t\t\t\t\t\t\t\n\t\t\t\t\t\t\t\t\n\t\t\t\t\t\t\t\t<h4 class=\"sc_services_item_title\"><a href=\"https:\/\/locationsportmotoneige.com\/en\/snowmobile-rental-rates\/\">Rates<\/a><\/h4>\n\t\t\t\t\t\t\t\t<div class=\"sc_services_item_description\">\n\t\t\t\t\t\t\t\t\t<a href=\"https:\/\/locationsportmotoneige.com\/en\/snowmobile-rental-rates\/\" class=\"sc_button sc_button_square sc_button_style_filled sc_button_size_small\">Learn more<\/a>\t\t\t\t\t\t\t\t<\/div>\n\t\t\t\t\t\t\t<\/div>\n\t\t\t\t\t\t<\/div>\n\t\t\t\t\t<\/div>\n\t\t\t\t\t\t\t\t<\/div>\n\t\t<\/div><!-- \/.sc_services --><\/div><!-- \/.sc_services_wrap --><\/div><div class=\"column-1_4 sc_column_item sc_column_item_4 even\"><div id=\"sc_services_1546548470_wrap\" class=\"sc_services_wrap\"><div id=\"sc_services_1546548470\" class=\"sc_services sc_services_style_services-2 sc_services_type_icons \" style=\"width:100%;\">\t\t\t<div id=\"sc_services_1546548470_1\"\t\t\t\tclass=\"sc_services_item sc_services_item_1 odd first bloc-accueil\"\n\t\t\t\t>\n\t\t\t\t\t\t\t\t\t<div class=\"sc_services_item_featured post_featured\">\n\t\t\t\t\t\t\t<div class=\"post_thumb\" data-image=\"\" data-title=\"Snowmobiles\">\n\t<a class=\"hover_icon hover_icon_link\" href=\"https:\/\/locationsportmotoneige.com\/en\/snowmobile-rental\/\"><img loading=\"lazy\" decoding=\"async\" class=\"wp-post-image\" width=\"370\" height=\"370\" alt=\"motoneige-3.jpg\" src=\"https:\/\/locationsportmotoneige.com\/wp-content\/uploads\/2018\/11\/motoneige-3-370x370.jpg\" title=\"\"><\/a>\t<\/div>\n\t\t\t\t\t\t\t<div class=\"sc_services_item_overlay\">\n\t\t\t\t\t\t\t<div class=\"sc_services_item_content\">\n\t\t\t\t\t\t\t\t\n\t\t\t\t\t\t\t\t\n\t\t\t\t\t\t\t\t<h4 class=\"sc_services_item_title\"><a href=\"https:\/\/locationsportmotoneige.com\/en\/snowmobile-rental\/\">Snowmobiles<\/a><\/h4>\n\t\t\t\t\t\t\t\t<div class=\"sc_services_item_description\">\n\t\t\t\t\t\t\t\t\t<a href=\"https:\/\/locationsportmotoneige.com\/en\/snowmobile-rental\/\" class=\"sc_button sc_button_square sc_button_style_filled sc_button_size_small\">Learn more<\/a>\t\t\t\t\t\t\t\t<\/div>\n\t\t\t\t\t\t\t<\/div>\n\t\t\t\t\t\t<\/div>\n\t\t\t\t\t<\/div>\n\t\t\t\t\t\t\t\t<\/div>\n\t\t<\/div><!-- \/.sc_services --><\/div><!-- \/.sc_services_wrap --><\/div><\/div>[\/vc_column][\/vc_row][vc_row full_width=&#8221;stretch_row&#8221;][vc_column][vc_empty_space height=&#8221;55px&#8221;]<div class=\"sc_section margin_bottom_null aligncenter title_center\" style=\"font-size:12px; line-height: 1.3em;\"><div class=\"sc_section_inner\"><h2 class=\"sc_section_title sc_item_title sc_item_title_without_descr\">SNOWMOBILE FOR EVERYONE...<\/h2><div class=\"sc_section_content_wrap\"><\/div><\/div><\/div>[vc_row_inner][vc_column_inner width=&#8221;1\/3&#8243;][vc_single_image image=&#8221;2095&#8243; img_size=&#8221;full&#8221; alignment=&#8221;center&#8221;][\/vc_column_inner][vc_column_inner width=&#8221;1\/3&#8243;][vc_single_image image=&#8221;1993&#8243; img_size=&#8221;full&#8221; alignment=&#8221;center&#8221;][\/vc_column_inner][vc_column_inner width=&#8221;1\/3&#8243;][vc_single_image image=&#8221;1996&#8243; img_size=&#8221;full&#8221; alignment=&#8221;center&#8221;][\/vc_column_inner][\/vc_row_inner][vc_empty_space height=&#8221;20px&#8221;][vc_btn title=&#8221;SEE MORE PHOTOS&#8230;&#8221; style=&#8221;custom&#8221; custom_background=&#8221;#194286&#8243; custom_text=&#8221;#ffffff&#8221; align=&#8221;center&#8221; link=&#8221;url:https%3A%2F%2Flocationsportmotoneige.com%2Fen%2Fsnowmobile-pictures-videos%2F|&#8221;][vc_empty_space height=&#8221;3.5em&#8221;][\/vc_column][\/vc_row][vc_row][vc_column][\/vc_column][\/vc_row]<\/p>\n<\/div>","protected":false},"excerpt":{"rendered":"<p>[vc_row disable_element=&#8221;yes&#8221;][vc_column][vc_empty_space][vc_cta h2=&#8221;La saison 2025-2026 est maintenant termin\u00e9e! R\u00e9servez maintenant pour l&#8217;ann\u00e9e prochaine! The 2025-2026 season is now over! Book now for next year!&#8221; txt_align=&#8221;center&#8221; css=&#8221;&#8221;][\/vc_cta][vc_empty_space height=&#8221;20px&#8221;][vc_cta h2=&#8221;**NEW**&#8221; h4=&#8221;2-hour guided group package, available during the holiday season and during spring break!&#8221; txt_align=&#8221;center&#8221; css=&#8221;&#8221;][\/vc_cta][vc_empty_space height=&#8221;20px&#8221;][vc_cta h2=&#8221;How it works?&#8221; txt_align=&#8221;center&#8221; color=&#8221;black&#8221; add_button=&#8221;right&#8221; btn_title=&#8221;Click HERE to know more!&#8221; [&hellip;]<\/p>\n","protected":false},"author":13,"featured_media":0,"parent":0,"menu_order":0,"comment_status":"closed","ping_status":"closed","template":"","meta":{"footnotes":""},"class_list":["post-1907","page","type-page","status-publish","hentry"],"_links":{"self":[{"href":"https:\/\/locationsportmotoneige.com\/en\/wp-json\/wp\/v2\/pages\/1907"}],"collection":[{"href":"https:\/\/locationsportmotoneige.com\/en\/wp-json\/wp\/v2\/pages"}],"about":[{"href":"https:\/\/locationsportmotoneige.com\/en\/wp-json\/wp\/v2\/types\/page"}],"author":[{"embeddable":true,"href":"https:\/\/locationsportmotoneige.com\/en\/wp-json\/wp\/v2\/users\/13"}],"replies":[{"embeddable":true,"href":"https:\/\/locationsportmotoneige.com\/en\/wp-json\/wp\/v2\/comments?post=1907"}],"version-history":[{"count":11,"href":"https:\/\/locationsportmotoneige.com\/en\/wp-json\/wp\/v2\/pages\/1907\/revisions"}],"predecessor-version":[{"id":3418,"href":"https:\/\/locationsportmotoneige.com\/en\/wp-json\/wp\/v2\/pages\/1907\/revisions\/3418"}],"wp:attachment":[{"href":"https:\/\/locationsportmotoneige.com\/en\/wp-json\/wp\/v2\/media?parent=1907"}],"curies":[{"name":"wp","href":"https:\/\/api.w.org\/{rel}","templated":true}]}}