{"id":1940,"date":"2016-08-30T11:54:28","date_gmt":"2016-08-30T15:54:28","guid":{"rendered":"https:\/\/dev.locationsportmotoneige.com\/accueil\/"},"modified":"2026-03-19T15:30:08","modified_gmt":"2026-03-19T19:30:08","slug":"accueil","status":"publish","type":"page","link":"https:\/\/locationsportmotoneige.com\/es\/","title":{"rendered":"Portada"},"content":{"rendered":"<div class=\"wpb-content-wrapper\"><p>[vc_row disable_element=\u00bbyes\u00bb][vc_column][vc_empty_space][vc_cta h2=\u00bb\u00a1La temporada 2025-2026 ha terminado! \u00a1Reserva ya para el a\u00f1o que viene!\u00bb txt_align=\u00bbcenter\u00bb css=\u00bb\u00bb][\/vc_cta][vc_empty_space height=\u00bb20px\u00bb][vc_cta h2=\u00bb**Nuevo**\u00bb h4=\u00bbPaquete grupal guiado de 2 horas, \u00a1disponible durante la temporada navide\u00f1a y durante las vacaciones de primavera!\u00bb txt_align=\u00bbcenter\u00bb css=\u00bb\u00bb][\/vc_cta][vc_empty_space height=\u00bb20px\u00bb][\/vc_column][\/vc_row][vc_row css=\u00bb.vc_custom_1763666130713{margin-top: 30px !important;margin-bottom: 30px !important;}\u00bb][vc_column][vc_row_inner equal_height=\u00bbyes\u00bb gap=\u00bb30&#8243; el_class=\u00bbpromos-accueil\u00bb][vc_column_inner width=\u00bb1\/2&#8243;][vc_column_text css=\u00bb\u00bb]<\/p>\n<h6 id=\"tw-target-text\" class=\"tw-data-text tw-text-large tw-ta\" dir=\"ltr\" tabindex=\"-1\" role=\"text\" data-placeholder=\"Translation\" data-ved=\"2ahUKEwjyu5HE2KyTAxWHCnkGHXlRLmkQ3ewLegQIBBAX\" aria-label=\"Translated text: \u00a1La temporada 2025-2026 ha terminado! \u00a1Reserva ya para el a\u00f1o que viene!\"><span class=\"Y2IQFc\" lang=\"es\">\u00a1La temporada 2025-2026 ha terminado! \u00a1Reserva ya para el a\u00f1o que viene!<\/span><\/h6>\n<p>[\/vc_column_text][vc_btn title=\u00bbreserva ya!\u00bb style=\u00bboutline-custom\u00bb outline_custom_color=\u00bb#194286&#8243; outline_custom_hover_background=\u00bb#000000&#8243; align=\u00bbcenter\u00bb css=\u00bb\u00bb link=\u00bburl:https%3A%2F%2Flocationsportmotoneige.com%2Fen%2Freserve-now%2F\u00bb][\/vc_column_inner][vc_column_inner width=\u00bb1\/2&#8243;][vc_column_text css=\u00bb\u00bb]<\/p>\n<h4 style=\"text-align: center;\">**NUEVO**<\/h4>\n<p style=\"text-align: center;\"><strong>Paquete grupal guiado de 2 horas, \u00a1disponible durante la temporada navide\u00f1a y durante las vacaciones de primavera!<\/strong><\/p>\n<p>[\/vc_column_text][\/vc_column_inner][\/vc_row_inner][\/vc_column][\/vc_row][vc_row][vc_column][vc_column_text][\/vc_column_text][\/vc_column][\/vc_row][vc_row full_width=\u00bbstretch_row\u00bb equal_height=\u00bbyes\u00bb content_placement=\u00bbmiddle\u00bb css=\u00bb.vc_custom_1541792599024{margin-top: 1px !important;background-color: #194286 !important;}\u00bb el_class=\u00bbbande-bleu\u00bb][vc_column width=\u00bb3\/4&#8243;][vc_column_text]<\/p>\n<h2>RESERVE EXCURSIONES DE MOTONIEVE<\/h2>\n<p>[\/vc_column_text][\/vc_column][vc_column width=\u00bb1\/4&#8243;][vc_btn title=\u00bbCONT\u00c1CTENOS\u00bb style=\u00bboutline-custom\u00bb outline_custom_color=\u00bb#ffffff\u00bb outline_custom_hover_background=\u00bb#3c3c3c\u00bb outline_custom_hover_text=\u00bb#ffffff\u00bb css=\u00bb.vc_custom_1543956706741{margin-top: 25px !important;}\u00bb link=\u00bburl:https%3A%2F%2Flocationsportmotoneige.com%2Fes%2Fpara-localizarnos%2F|||\u00bb][\/vc_column][\/vc_row][vc_row full_width=\u00bbstretch_row\u00bb css=\u00bb.vc_custom_1543955501314{background-image: url(https:\/\/locationsportmotoneige.com\/wp-content\/uploads\/2018\/11\/location-motoneige.jpg?id=1476) !important;background-position: center !important;background-repeat: no-repeat !important;background-size: cover !important;}\u00bb el_class=\u00bbbloc-location-motoneige\u00bb][vc_column width=\u00bb2\/3&#8243;][vc_empty_space height=\u00bb15px\u00bb][vc_column_text css=\u00bb\u00bb el_class=\u00bbsc_section_subtitle\u00bb]ALQUILER DIRECTAMENTE DE DISTRIBUIDOR<\/p>\n<h1>Alquiler de motonieve en los Laurentides \u2013 Con o sin gu\u00eda<\/h1>\n<p>[\/vc_column_text][vc_separator color=\u00bbcustom\u00bb align=\u00bbalign_left\u00bb border_width=\u00bb3&#8243; el_width=\u00bb20&#8243; css=\u00bb.vc_custom_1543956057825{margin-top: 35px !important;margin-bottom: 45px !important;}\u00bb accent_color=\u00bb#c6d534&#8243;][vc_column_text css=\u00bb\u00bb]Novedad : descubran nuestras motos de nieve el\u00e9ctricas Taiga Nomad, innovadoras y ecol\u00f3gicas, para una experiencia \u00fanica que combina rendimiento y respeto por el medio ambiente.<\/p>\n<p>Desde hace m\u00e1s de veinte a\u00f1os, Location Sport Motoneige es la referencia en el alquiler de motonieves de alta gama, as\u00ed como en la oferta de paquetes todo incluido de corta duraci\u00f3n en Quebec. Puede disfrutar de nuestras motonieves por un d\u00eda, un fin de semana, una estad\u00eda corta o por bloques de horas. Las motonieves cuatro tiempos Yamaha son reconocidas por ser silenciosas, fiables y de bajo consumo.<\/p>\n<p><strong>Elija su aventura:<\/strong> un recorrido guiado para explorar de forma segura los senderos m\u00e1s hermosos, o un alquiler sin gu\u00eda para disfrutar con total libertad. En colaboraci\u00f3n con <strong>Desjardins Marine<\/strong> y nuestros socios hoteleros, ofrecemos paquetes personalizados para todos los niveles.<\/p>\n<p><strong><a href=\"https:\/\/locationsportmotoneige.com\/en\/reserve-now\/\">\u21e8 Reserve hoy mismo <\/a><\/strong> su motonieve en los Laurentides y viva una experiencia invernal emocionante.[\/vc_column_text][vc_empty_space height=\u00bb100px\u00bb][\/vc_column][vc_column width=\u00bb1\/3&#8243;][\/vc_column][\/vc_row][vc_row full_width=\u00bbstretch_row_content_no_spaces\u00bb equal_height=\u00bbyes\u00bb content_placement=\u00bbmiddle\u00bb css=\u00bb.vc_custom_1541795263448{background-color: #262626 !important;}\u00bb][vc_column]<div class=\"columns_wrap sc_columns columns_nofluid no_margins sc_columns_count_4 custom_service_columns \" data-equal-height=\".sc_column_item\"><div class=\"column-1_4 sc_column_item sc_column_item_1 odd first\"><div class=\"sc_section margin_top_medium margin_right_medium margin_bottom_medium margin_left_medium\"><div class=\"sc_section_inner\"><div class=\"sc_section_content_wrap\">[vc_empty_space height=\u00bb2.2em\u00bb]<h5 class=\"sc_title sc_title_regular margin_top_tiny margin_bottom_tiny\" style=\"color:#ffffff;\">\u00a1EXALTADOR Y EXCLUSIVO!<\/h5>[vc_empty_space height=\u00bb0.1em\u00bb]<h2 class=\"sc_title sc_title_underline_dark margin_top_null margin_bottom_small\" style=\"color:#ffffff;\">Alquilar motonieve en Location Sport Motoneige!<\/h2>[vc_empty_space height=\u00bb0.6em\u00bb]<\/div><\/div><\/div><\/div><div class=\"column-1_4 sc_column_item sc_column_item_2 even\"><div id=\"sc_services_445272583_wrap\" class=\"sc_services_wrap\"><div id=\"sc_services_445272583\" class=\"sc_services sc_services_style_services-2 sc_services_type_icons \" style=\"width:100%;\">\t\t\t<div id=\"sc_services_445272583_1\"\t\t\t\tclass=\"sc_services_item sc_services_item_1 odd first bloc-accueil\"\n\t\t\t\t>\n\t\t\t\t\t\t\t\t\t<div class=\"sc_services_item_featured post_featured\">\n\t\t\t\t\t\t\t<div class=\"post_thumb\" data-image=\"\" data-title=\"Raids\">\n\t<a class=\"hover_icon hover_icon_link\" href=\"https:\/\/locationsportmotoneige.com\/es\/excursiones-motonieve\/\"><img loading=\"lazy\" decoding=\"async\" class=\"wp-post-image\" width=\"370\" height=\"370\" alt=\"motoneige-accueil-4.jpg\" src=\"https:\/\/locationsportmotoneige.com\/wp-content\/uploads\/2018\/11\/motoneige-accueil-4-370x370.jpg\" title=\"\"><\/a>\t<\/div>\n\t\t\t\t\t\t\t<div class=\"sc_services_item_overlay\">\n\t\t\t\t\t\t\t<div class=\"sc_services_item_content\">\n\t\t\t\t\t\t\t\t\n\t\t\t\t\t\t\t\t\n\t\t\t\t\t\t\t\t<h4 class=\"sc_services_item_title\"><a href=\"https:\/\/locationsportmotoneige.com\/es\/excursiones-motonieve\/\">Raids<\/a><\/h4>\n\t\t\t\t\t\t\t\t<div class=\"sc_services_item_description\">\n\t\t\t\t\t\t\t\t\t<a href=\"https:\/\/locationsportmotoneige.com\/es\/excursiones-motonieve\/\" class=\"sc_button sc_button_square sc_button_style_filled sc_button_size_small\">Saber m\u00e1s<\/a>\t\t\t\t\t\t\t\t<\/div>\n\t\t\t\t\t\t\t<\/div>\n\t\t\t\t\t\t<\/div>\n\t\t\t\t\t<\/div>\n\t\t\t\t\t\t\t\t<\/div>\n\t\t<\/div><!-- \/.sc_services --><\/div><!-- \/.sc_services_wrap --><\/div><div class=\"column-1_4 sc_column_item sc_column_item_3 odd\"><div id=\"sc_services_320980384_wrap\" class=\"sc_services_wrap\"><div id=\"sc_services_320980384\" class=\"sc_services sc_services_style_services-2 sc_services_type_icons \" style=\"width:100%;\">\t\t\t<div id=\"sc_services_320980384_1\"\t\t\t\tclass=\"sc_services_item sc_services_item_1 odd first bloc-accueil\"\n\t\t\t\t>\n\t\t\t\t\t\t\t\t\t<div class=\"sc_services_item_featured post_featured\">\n\t\t\t\t\t\t\t<div class=\"post_thumb\" data-image=\"\" data-title=\"Tarifas\">\n\t<a class=\"hover_icon hover_icon_link\" href=\"https:\/\/locationsportmotoneige.com\/es\/tarifas-motonieve\/\"><img loading=\"lazy\" decoding=\"async\" class=\"wp-post-image\" width=\"370\" height=\"370\" alt=\"motoneige-1.jpg\" src=\"https:\/\/locationsportmotoneige.com\/wp-content\/uploads\/2018\/11\/motoneige-1-370x370.jpg\" title=\"\"><\/a>\t<\/div>\n\t\t\t\t\t\t\t<div class=\"sc_services_item_overlay\">\n\t\t\t\t\t\t\t<div class=\"sc_services_item_content\">\n\t\t\t\t\t\t\t\t\n\t\t\t\t\t\t\t\t\n\t\t\t\t\t\t\t\t<h4 class=\"sc_services_item_title\"><a href=\"https:\/\/locationsportmotoneige.com\/es\/tarifas-motonieve\/\">Tarifas<\/a><\/h4>\n\t\t\t\t\t\t\t\t<div class=\"sc_services_item_description\">\n\t\t\t\t\t\t\t\t\t<a href=\"https:\/\/locationsportmotoneige.com\/es\/tarifas-motonieve\/\" class=\"sc_button sc_button_square sc_button_style_filled sc_button_size_small\">Saber m\u00e1s<\/a>\t\t\t\t\t\t\t\t<\/div>\n\t\t\t\t\t\t\t<\/div>\n\t\t\t\t\t\t<\/div>\n\t\t\t\t\t<\/div>\n\t\t\t\t\t\t\t\t<\/div>\n\t\t<\/div><!-- \/.sc_services --><\/div><!-- \/.sc_services_wrap --><\/div><div class=\"column-1_4 sc_column_item sc_column_item_4 even\"><div id=\"sc_services_223455684_wrap\" class=\"sc_services_wrap\"><div id=\"sc_services_223455684\" class=\"sc_services sc_services_style_services-2 sc_services_type_icons \" style=\"width:100%;\">\t\t\t<div id=\"sc_services_223455684_1\"\t\t\t\tclass=\"sc_services_item sc_services_item_1 odd first bloc-accueil\"\n\t\t\t\t>\n\t\t\t\t\t\t\t\t\t<div class=\"sc_services_item_featured post_featured\">\n\t\t\t\t\t\t\t<div class=\"post_thumb\" data-image=\"\" data-title=\"Motonieves\">\n\t<a class=\"hover_icon hover_icon_link\" href=\"https:\/\/locationsportmotoneige.com\/es\/motonieves\/\"><img loading=\"lazy\" decoding=\"async\" class=\"wp-post-image\" width=\"370\" height=\"370\" alt=\"motoneige-3.jpg\" src=\"https:\/\/locationsportmotoneige.com\/wp-content\/uploads\/2018\/11\/motoneige-3-370x370.jpg\" title=\"\"><\/a>\t<\/div>\n\t\t\t\t\t\t\t<div class=\"sc_services_item_overlay\">\n\t\t\t\t\t\t\t<div class=\"sc_services_item_content\">\n\t\t\t\t\t\t\t\t\n\t\t\t\t\t\t\t\t\n\t\t\t\t\t\t\t\t<h4 class=\"sc_services_item_title\"><a href=\"https:\/\/locationsportmotoneige.com\/es\/motonieves\/\">Motonieves<\/a><\/h4>\n\t\t\t\t\t\t\t\t<div class=\"sc_services_item_description\">\n\t\t\t\t\t\t\t\t\t<a href=\"https:\/\/locationsportmotoneige.com\/es\/motonieves\/\" class=\"sc_button sc_button_square sc_button_style_filled sc_button_size_small\">Saber m\u00e1s<\/a>\t\t\t\t\t\t\t\t<\/div>\n\t\t\t\t\t\t\t<\/div>\n\t\t\t\t\t\t<\/div>\n\t\t\t\t\t<\/div>\n\t\t\t\t\t\t\t\t<\/div>\n\t\t<\/div><!-- \/.sc_services --><\/div><!-- \/.sc_services_wrap --><\/div><\/div>[\/vc_column][\/vc_row][vc_row full_width=\u00bbstretch_row\u00bb][vc_column][vc_empty_space height=\u00bb55px\u00bb]<div class=\"sc_section margin_bottom_null aligncenter title_center\" style=\"font-size:12px; line-height: 1.3em;\"><div class=\"sc_section_inner\"><h2 class=\"sc_section_title sc_item_title sc_item_title_without_descr\">MOTONIEVE DE ALTO CALIBRE PARA TODOS...<\/h2><div class=\"sc_section_content_wrap\"><\/div><\/div><\/div>[vc_row_inner][vc_column_inner width=\u00bb1\/3&#8243;][vc_single_image image=\u00bb2097&#8243; img_size=\u00bbfull\u00bb][\/vc_column_inner][vc_column_inner width=\u00bb1\/3&#8243;][vc_single_image image=\u00bb1995&#8243; img_size=\u00bbfull\u00bb][\/vc_column_inner][vc_column_inner width=\u00bb1\/3&#8243;][vc_single_image image=\u00bb1998&#8243; img_size=\u00bbfull\u00bb][\/vc_column_inner][\/vc_row_inner][vc_empty_space height=\u00bb20px\u00bb][vc_btn title=\u00bbFOTOGRAFIAS\u00bb style=\u00bbcustom\u00bb custom_background=\u00bb#194286&#8243; custom_text=\u00bb#ffffff\u00bb align=\u00bbcenter\u00bb link=\u00bburl:https%3A%2F%2Flocationsportmotoneige.com%2Fes%2Ffotografias-videos%2F|||\u00bb][vc_empty_space height=\u00bb3.5em\u00bb][\/vc_column][\/vc_row]<\/p>\n<\/div>","protected":false},"excerpt":{"rendered":"<p>[vc_row disable_element=\u00bbyes\u00bb][vc_column][vc_empty_space][vc_cta h2=\u00bb\u00a1La temporada 2025-2026 ha terminado! \u00a1Reserva ya para el a\u00f1o que viene!\u00bb txt_align=\u00bbcenter\u00bb css=\u00bb\u00bb][\/vc_cta][vc_empty_space height=\u00bb20px\u00bb][vc_cta h2=\u00bb**Nuevo**\u00bb h4=\u00bbPaquete grupal guiado de 2 horas, \u00a1disponible durante la temporada navide\u00f1a y durante las vacaciones de primavera!\u00bb txt_align=\u00bbcenter\u00bb css=\u00bb\u00bb][\/vc_cta][vc_empty_space height=\u00bb20px\u00bb][\/vc_column][\/vc_row][vc_row css=\u00bb.vc_custom_1763666130713{margin-top: 30px !important;margin-bottom: 30px !important;}\u00bb][vc_column][vc_row_inner equal_height=\u00bbyes\u00bb gap=\u00bb30&#8243; el_class=\u00bbpromos-accueil\u00bb][vc_column_inner width=\u00bb1\/2&#8243;][vc_column_text css=\u00bb\u00bb] \u00a1La temporada 2025-2026 ha terminado! \u00a1Reserva ya [&hellip;]<\/p>\n","protected":false},"author":13,"featured_media":0,"parent":0,"menu_order":0,"comment_status":"closed","ping_status":"closed","template":"","meta":{"footnotes":""},"class_list":["post-1940","page","type-page","status-publish","hentry"],"_links":{"self":[{"href":"https:\/\/locationsportmotoneige.com\/es\/wp-json\/wp\/v2\/pages\/1940"}],"collection":[{"href":"https:\/\/locationsportmotoneige.com\/es\/wp-json\/wp\/v2\/pages"}],"about":[{"href":"https:\/\/locationsportmotoneige.com\/es\/wp-json\/wp\/v2\/types\/page"}],"author":[{"embeddable":true,"href":"https:\/\/locationsportmotoneige.com\/es\/wp-json\/wp\/v2\/users\/13"}],"replies":[{"embeddable":true,"href":"https:\/\/locationsportmotoneige.com\/es\/wp-json\/wp\/v2\/comments?post=1940"}],"version-history":[{"count":11,"href":"https:\/\/locationsportmotoneige.com\/es\/wp-json\/wp\/v2\/pages\/1940\/revisions"}],"predecessor-version":[{"id":3420,"href":"https:\/\/locationsportmotoneige.com\/es\/wp-json\/wp\/v2\/pages\/1940\/revisions\/3420"}],"wp:attachment":[{"href":"https:\/\/locationsportmotoneige.com\/es\/wp-json\/wp\/v2\/media?parent=1940"}],"curies":[{"name":"wp","href":"https:\/\/api.w.org\/{rel}","templated":true}]}}