{"id":1945,"date":"2018-11-08T13:14:00","date_gmt":"2018-11-08T18:14:00","guid":{"rendered":"https:\/\/dev.locationsportmotoneige.com\/excursions-motoneige\/"},"modified":"2025-10-23T09:14:23","modified_gmt":"2025-10-23T13:14:23","slug":"excursiones-motonieve","status":"publish","type":"page","link":"https:\/\/locationsportmotoneige.com\/es\/excursiones-motonieve\/","title":{"rendered":"Raids"},"content":{"rendered":"<div class=\"wpb-content-wrapper\"><p>[vc_row css=\u00bb.vc_custom_1542058543067{margin-top: 25px !important;}\u00bb][vc_column width=\u00bb3\/4&#8243;][vc_column_text el_class=\u00bbsc_section_subtitle titre-page\u00bb]<\/p>\n<h2>Nuestros raids<\/h2>\n<p>[\/vc_column_text][vc_separator color=\u00bbcustom\u00bb align=\u00bbalign_left\u00bb border_width=\u00bb3&#8243; el_width=\u00bb20&#8243; css=\u00bb.vc_custom_1543956768978{margin-top: 15px !important;margin-bottom: 35px !important;}\u00bb accent_color=\u00bb#c6d534&#8243; el_class=\u00bbborder-contenu\u00bb][vc_column_text css=\u00bb.vc_custom_1543260537390{margin-bottom: 25px !important;}\u00bb el_class=\u00bbtexte-bleu\u00bb]<\/p>\n<div class=\"entry-content\">\n<p>Para los fan\u00e1ticos de motores, los pilotos de carreras, los expertos de Enduro los m\u00e1s resistentes, los campeones de fuera de pista los m\u00e1s persistentes, podemos organizar un viaje de motonieve a la medida dependiendo de sus habilidades y de su experiencia.<\/p>\n<\/div>\n<p>[\/vc_column_text][vc_row_inner css=\u00bb.vc_custom_1542117407677{margin-top: 40px !important;}\u00bb][vc_column_inner width=\u00bb1\/2&#8243;][vc_single_image image=\u00bb1645&#8243; img_size=\u00bbfull\u00bb alignment=\u00bbcenter\u00bb][vc_column_text css=\u00bb.vc_custom_1542223413386{margin-top: 5px !important;border-top-width: 5px !important;padding-top: 0px !important;border-top-color: #194286 !important;border-top-style: solid !important;}\u00bb]\n\t\t<style type=\"text\/css\">\n\t\t\t#gallery-1 {\n\t\t\t\tmargin: auto;\n\t\t\t}\n\t\t\t#gallery-1 .gallery-item {\n\t\t\t\tfloat: left;\n\t\t\t\tmargin-top: 10px;\n\t\t\t\ttext-align: center;\n\t\t\t\twidth: 25%;\n\t\t\t}\n\t\t\t#gallery-1 img {\n\t\t\t\tborder: 2px solid #cfcfcf;\n\t\t\t}\n\t\t\t#gallery-1 .gallery-caption {\n\t\t\t\tmargin-left: 0;\n\t\t\t}\n\t\t\t\/* see gallery_shortcode() in wp-includes\/media.php *\/\n\t\t<\/style>\n\t\t<div id='gallery-1' class='gallery galleryid-1945 gallery-columns-4 gallery-size-thumbnail'><dl class='gallery-item'>\n\t\t\t<dt class='gallery-icon landscape'>\n\t\t\t\t<a href='https:\/\/locationsportmotoneige.com\/wp-content\/uploads\/2018\/11\/Untitled-5.jpg' title=\"\" data-rl_title=\"\" class=\"rl-gallery-link\" data-rl_caption=\"\" data-rel=\"lightbox-gallery-1\"><img loading=\"lazy\" decoding=\"async\" width=\"150\" height=\"150\" src=\"https:\/\/locationsportmotoneige.com\/wp-content\/uploads\/2018\/11\/Untitled-5-150x150.jpg\" class=\"attachment-thumbnail size-thumbnail\" alt=\"Excursions motoneiges\" srcset=\"https:\/\/locationsportmotoneige.com\/wp-content\/uploads\/2018\/11\/Untitled-5-150x150.jpg 150w, https:\/\/locationsportmotoneige.com\/wp-content\/uploads\/2018\/11\/Untitled-5-300x300.jpg 300w, https:\/\/locationsportmotoneige.com\/wp-content\/uploads\/2018\/11\/Untitled-5-100x100.jpg 100w\" sizes=\"(max-width: 150px) 100vw, 150px\" title=\"\"><\/a>\n\t\t\t<\/dt><\/dl><dl class='gallery-item'>\n\t\t\t<dt class='gallery-icon landscape'>\n\t\t\t\t<a href='https:\/\/locationsportmotoneige.com\/wp-content\/uploads\/2018\/11\/Untitled-4.jpg' title=\"\" data-rl_title=\"\" class=\"rl-gallery-link\" data-rl_caption=\"\" data-rel=\"lightbox-gallery-1\"><img loading=\"lazy\" decoding=\"async\" width=\"150\" height=\"150\" src=\"https:\/\/locationsportmotoneige.com\/wp-content\/uploads\/2018\/11\/Untitled-4-150x150.jpg\" class=\"attachment-thumbnail size-thumbnail\" alt=\"Excursions motoneiges\" srcset=\"https:\/\/locationsportmotoneige.com\/wp-content\/uploads\/2018\/11\/Untitled-4-150x150.jpg 150w, https:\/\/locationsportmotoneige.com\/wp-content\/uploads\/2018\/11\/Untitled-4-300x300.jpg 300w, https:\/\/locationsportmotoneige.com\/wp-content\/uploads\/2018\/11\/Untitled-4-100x100.jpg 100w\" sizes=\"(max-width: 150px) 100vw, 150px\" title=\"\"><\/a>\n\t\t\t<\/dt><\/dl><dl class='gallery-item'>\n\t\t\t<dt class='gallery-icon landscape'>\n\t\t\t\t<a href='https:\/\/locationsportmotoneige.com\/wp-content\/uploads\/2018\/11\/9.jpg' title=\"\" data-rl_title=\"\" class=\"rl-gallery-link\" data-rl_caption=\"\" data-rel=\"lightbox-gallery-1\"><img loading=\"lazy\" decoding=\"async\" width=\"150\" height=\"150\" src=\"https:\/\/locationsportmotoneige.com\/wp-content\/uploads\/2018\/11\/9-150x150.jpg\" class=\"attachment-thumbnail size-thumbnail\" alt=\"Excursions motoneiges\" srcset=\"https:\/\/locationsportmotoneige.com\/wp-content\/uploads\/2018\/11\/9-150x150.jpg 150w, https:\/\/locationsportmotoneige.com\/wp-content\/uploads\/2018\/11\/9-300x300.jpg 300w, https:\/\/locationsportmotoneige.com\/wp-content\/uploads\/2018\/11\/9-100x100.jpg 100w\" sizes=\"(max-width: 150px) 100vw, 150px\" title=\"\"><\/a>\n\t\t\t<\/dt><\/dl><dl class='gallery-item'>\n\t\t\t<dt class='gallery-icon landscape'>\n\t\t\t\t<a href='https:\/\/locationsportmotoneige.com\/wp-content\/uploads\/2018\/11\/5.jpg' title=\"\" data-rl_title=\"\" class=\"rl-gallery-link\" data-rl_caption=\"\" data-rel=\"lightbox-gallery-1\"><img loading=\"lazy\" decoding=\"async\" width=\"150\" height=\"150\" src=\"https:\/\/locationsportmotoneige.com\/wp-content\/uploads\/2018\/11\/5-150x150.jpg\" class=\"attachment-thumbnail size-thumbnail\" alt=\"Excursions motoneiges\" srcset=\"https:\/\/locationsportmotoneige.com\/wp-content\/uploads\/2018\/11\/5-150x150.jpg 150w, https:\/\/locationsportmotoneige.com\/wp-content\/uploads\/2018\/11\/5-300x300.jpg 300w, https:\/\/locationsportmotoneige.com\/wp-content\/uploads\/2018\/11\/5-100x100.jpg 100w\" sizes=\"(max-width: 150px) 100vw, 150px\" title=\"\"><\/a>\n\t\t\t<\/dt><\/dl><br style=\"clear: both\" \/>\n\t\t<\/div>\n[\/vc_column_text][\/vc_column_inner][vc_column_inner width=\u00bb1\/2&#8243;][vc_column_text css=\u00bb\u00bb]<\/p>\n<div class=\"entry-content\">\n<p>De 125 a 400 Km por d\u00eda de motonieve, le damos todo lo que se necesita en cuanto a la planificaci\u00f3n de su itinerario.<\/p>\n<p>Puede tambi\u00e9n eligir una excursi\u00f3n rom\u00e1ntica para dos personas, o una estancia con amigos, con un itinerario campestre que ofrece solamente algunas horas de motonieve y dotado de paradas en posadas, hoteles o centros cineg\u00e9ticos, sin olvidar los lugares donde puede mimarse gracias a un buon masaje o un ba\u00f1o, y despu\u00e9s ir a comer en una ambiente calurosa. Nuestros compa\u00f1eros hoteleros conocidos mundialmente para su conocimiento y su hospitalidad le ofrecen una experiencia \u00fanica, exclusiva y extraordinaria.<\/p>\n<div id=\"KnM9nf\" class=\"PZPZlf\" data-attrid=\"tw-sourceArea\" data-entityname=\"Google Translate\">\n<div id=\"tw-smenu\" class=\"tw-menu\"><\/div>\n<p>&nbsp;<\/p>\n<\/div>\n<div class=\"QmZWSe\">\n<div class=\"DHcWmd\"><\/div>\n<\/div>\n<div class=\"oSioSc\">\n<div id=\"tw-target\">\n<div id=\"kAz1tf\" class=\"g9WsWb PZPZlf\" data-attrid=\"tw-targetArea\" data-entityname=\"Google Translate\">\n<div id=\"tw-target-text-container\" class=\"tw-ta-container tw-nfl\" tabindex=\"0\" role=\"text\">\n<p id=\"tw-target-text\" class=\"tw-data-text tw-text-large tw-ta\" dir=\"ltr\" tabindex=\"-1\" role=\"text\" data-placeholder=\"Translation\" data-ved=\"2ahUKEwj3weOrsLqQAxWGkYkEHYQvL-IQ3ewLegQICxAW\" aria-label=\"Translated text: Disponemos de diferentes tipos de paquetes, ya sea sin gu\u00eda (solo), con gu\u00eda privado o con gu\u00eda grupal combinado.\"><span class=\"Y2IQFc\" lang=\"es\">Disponemos de diferentes tipos de paquetes, ya sea sin gu\u00eda (solo), con gu\u00eda privado o con gu\u00eda grupal combinado.<\/span>\u00a0Puede venir solo o con un grupo de 20 amigos, hombres y mujeres, parejas con ni\u00f1os de 7 a\u00f1os o m\u00e1s, familias, colegas o tambi\u00e9n con sus mejores clientes\u2026<\/p>\n<\/div>\n<\/div>\n<\/div>\n<\/div>\n<\/div>\n<p>[\/vc_column_text][\/vc_column_inner][\/vc_row_inner][vc_column_text css=\u00bb.vc_custom_1543260632396{margin-top: 25px !important;}\u00bb]<\/p>\n<div class=\"entry-content\">\n<p>No importa si se trata de una excursi\u00f3n de un d\u00eda o de algunos d\u00edas, puede fiarse de nosotros para ofrecerle el mejor servicio de organizaci\u00f3n de excursiones de motonieve del mundo.<\/p>\n<\/div>\n<p>[\/vc_column_text][vc_empty_space height=\u00bb55px\u00bb]<div class=\"sc_promo reservez  sc_promo_size_large\"><div class=\"sc_promo_inner\"><div class=\"sc_promo_image\" style=\"background-image:url(https:\/\/locationsportmotoneige.com\/wp-content\/uploads\/2018\/11\/motoneige-2.jpg);width:45%;right: 0;\"><\/div><div class=\"sc_promo_block sc_align_left\" style=\"width: 55%; float: left;\"><div class=\"sc_promo_block_inner\"><h2 class=\"sc_promo_title sc_item_title sc_item_title_with_descr\">Nuestros paquetes<\/h2><div class=\"sc_promo_line\"><\/div><div class=\"sc_promo_descr sc_item_descr\">Contacta con nosotros ahora en l\u00ednea para obtener nuestros paquetes de excursi\u00f3n de alto calibre.<\/div><div class=\"sc_promo_button sc_item_button\"><a href=\"https:\/\/locationsportmotoneige.com\/es\/para-localizarnos\/\" class=\"sc_button sc_button_square sc_button_style_simple sc_button_size_small  sc_button_iconed icon-right-small\">CONT\u00c1CTENOS<\/a><\/div><\/div><\/div><\/div><\/div>[vc_empty_space height=\u00bb55px\u00bb][\/vc_column][vc_column width=\u00bb1\/4&#8243; css=\u00bb.vc_custom_1544021886997{margin-top: 30px !important;}\u00bb el_class=\u00bbpage-sidebar\u00bb][vc_widget_sidebar sidebar_id=\u00bbsidebar_main\u00bb el_class=\u00bbsidebarmain\u00bb][\/vc_column][\/vc_row]<\/p>\n<\/div>","protected":false},"excerpt":{"rendered":"<p>[vc_row css=\u00bb.vc_custom_1542058543067{margin-top: 25px !important;}\u00bb][vc_column width=\u00bb3\/4&#8243;][vc_column_text el_class=\u00bbsc_section_subtitle titre-page\u00bb] Nuestros raids [\/vc_column_text][vc_separator color=\u00bbcustom\u00bb align=\u00bbalign_left\u00bb border_width=\u00bb3&#8243; el_width=\u00bb20&#8243; css=\u00bb.vc_custom_1543956768978{margin-top: 15px !important;margin-bottom: 35px !important;}\u00bb accent_color=\u00bb#c6d534&#8243; el_class=\u00bbborder-contenu\u00bb][vc_column_text css=\u00bb.vc_custom_1543260537390{margin-bottom: 25px !important;}\u00bb el_class=\u00bbtexte-bleu\u00bb] Para los fan\u00e1ticos de motores, los pilotos de carreras, los expertos de Enduro los m\u00e1s resistentes, los campeones de fuera de pista los m\u00e1s persistentes, podemos organizar un viaje de [&hellip;]<\/p>\n","protected":false},"author":13,"featured_media":0,"parent":0,"menu_order":0,"comment_status":"closed","ping_status":"closed","template":"","meta":{"footnotes":""},"class_list":["post-1945","page","type-page","status-publish","hentry"],"_links":{"self":[{"href":"https:\/\/locationsportmotoneige.com\/es\/wp-json\/wp\/v2\/pages\/1945"}],"collection":[{"href":"https:\/\/locationsportmotoneige.com\/es\/wp-json\/wp\/v2\/pages"}],"about":[{"href":"https:\/\/locationsportmotoneige.com\/es\/wp-json\/wp\/v2\/types\/page"}],"author":[{"embeddable":true,"href":"https:\/\/locationsportmotoneige.com\/es\/wp-json\/wp\/v2\/users\/13"}],"replies":[{"embeddable":true,"href":"https:\/\/locationsportmotoneige.com\/es\/wp-json\/wp\/v2\/comments?post=1945"}],"version-history":[{"count":1,"href":"https:\/\/locationsportmotoneige.com\/es\/wp-json\/wp\/v2\/pages\/1945\/revisions"}],"predecessor-version":[{"id":3202,"href":"https:\/\/locationsportmotoneige.com\/es\/wp-json\/wp\/v2\/pages\/1945\/revisions\/3202"}],"wp:attachment":[{"href":"https:\/\/locationsportmotoneige.com\/es\/wp-json\/wp\/v2\/media?parent=1945"}],"curies":[{"name":"wp","href":"https:\/\/api.w.org\/{rel}","templated":true}]}}