{"id":1952,"date":"2018-11-08T13:38:01","date_gmt":"2018-11-08T18:38:01","guid":{"rendered":"https:\/\/dev.locationsportmotoneige.com\/motoneige-location-sainte-adele-laurentides\/"},"modified":"2026-03-19T15:38:27","modified_gmt":"2026-03-19T19:38:27","slug":"motonieves","status":"publish","type":"page","link":"https:\/\/locationsportmotoneige.com\/es\/motonieves\/","title":{"rendered":"Motonieves"},"content":{"rendered":"<div class=\"wpb-content-wrapper\"><p>[vc_row css=\u00bb.vc_custom_1542225273368{margin-top: 25px !important;margin-bottom: 35px !important;}\u00bb][vc_column width=\u00bb3\/4&#8243;][vc_column_text el_class=\u00bbsc_section_subtitle titre-page\u00bb]<\/p>\n<h2>Nuestra motonieves<\/h2>\n<p>[\/vc_column_text][vc_separator color=\u00bbcustom\u00bb align=\u00bbalign_left\u00bb border_width=\u00bb3&#8243; el_width=\u00bb20&#8243; css=\u00bb.vc_custom_1543975570342{margin-top: 15px !important;margin-bottom: 35px !important;}\u00bb el_class=\u00bbborder-contenu\u00bb][vc_row_inner][vc_column_inner width=\u00bb1\/3&#8243;][vc_column_text css=\u00bb.vc_custom_1773949104353{margin-bottom: 25px !important;}\u00bb el_class=\u00bbtexte-bleu\u00bb]<\/p>\n<div class=\"entry-content\">\n<p>Yamaha RS Venture TF<\/p>\n<\/div>\n<p>[\/vc_column_text][vc_single_image image=\u00bb2456&#8243; img_size=\u00bblarge\u00bb][\/vc_column_inner][vc_column_inner width=\u00bb1\/3&#8243;][vc_column_text css=\u00bb.vc_custom_1773949090004{margin-bottom: 25px !important;}\u00bb el_class=\u00bbtexte-bleu\u00bb]<\/p>\n<div class=\"entry-content\">\n<p>Arctic Cat ZR7000 2027<\/p>\n<\/div>\n<p>[\/vc_column_text][vc_single_image image=\u00bb3427&#8243; img_size=\u00bblarge\u00bb css=\u00bb\u00bb][\/vc_column_inner][vc_column_inner width=\u00bb1\/3&#8243;][vc_column_text css=\u00bb.vc_custom_1765465262941{margin-bottom: 25px !important;}\u00bb el_class=\u00bbtexte-bleu\u00bb]<\/p>\n<div class=\"entry-content\">\n<p>Taiga Nomad el\u00e9ctrico<\/p>\n<\/div>\n<p>[\/vc_column_text][vc_single_image image=\u00bb3333&#8243; img_size=\u00bblarge\u00bb css=\u00bb\u00bb][\/vc_column_inner][\/vc_row_inner][vc_column_text css=\u00bb\u00bb]Disfrute de nuestras \u00faltimas motos de nieve Yamaha de cuatro tiempos, disponibles en una c\u00f3moda versi\u00f3n touring de dos plazas o en una versi\u00f3n deportiva de una sola plaza para los amantes de las emociones fuertes. Estos modelos son famosos por su fiabilidad y robustez, ideales para viajes de larga distancia de varios d\u00edas.<\/p>\n<p>Destacan por su silencio, limpieza, bajo consumo de combustible, comodidad y facilidad de manejo, incluso para principiantes.<\/p>\n<p>Novedad: descubre el alquiler de motos de nieve el\u00e9ctricas Taiga Nomad.<br \/>\nSilenciosas, respetuosas con el medio ambiente y equipadas con tecnolog\u00eda innovadora, ofrecen una experiencia \u00fanica que combina rendimiento y sostenibilidad.[\/vc_column_text][vc_column_text css=\u00bb\u00bb]<\/p>\n<h4><strong>\u00bfSab\u00edas que el alquiler de una moto de nieve incluye?<\/strong><\/h4>\n<ul>\n<li>La moto de nieve, 1 equipo completo (casco, guantes, botas, ropa), seguro de responsabilidad civil, derechos de acceso a las pistas, asistencia t\u00e9cnica y todos los impuestos. El seguro no cubre los da\u00f1os corporales del conductor o su pasajero, solo cubre los da\u00f1os a terceros.<\/li>\n<\/ul>\n<p>[\/vc_column_text][vc_empty_space][vc_btn title=\u00bbVer las tarifas de alquiler\u00bb color=\u00bbdanger\u00bb align=\u00bbcenter\u00bb css=\u00bb\u00bb link=\u00bburl:https%3A%2F%2Flocationsportmotoneige.com%2Fes%2Ftarifas-motonieve%2F\u00bb][vc_column_text css=\u00bb.vc_custom_1542225206935{margin-top: 35px !important;}\u00bb]\n\t\t<style type=\"text\/css\">\n\t\t\t#gallery-1 {\n\t\t\t\tmargin: auto;\n\t\t\t}\n\t\t\t#gallery-1 .gallery-item {\n\t\t\t\tfloat: left;\n\t\t\t\tmargin-top: 10px;\n\t\t\t\ttext-align: center;\n\t\t\t\twidth: 25%;\n\t\t\t}\n\t\t\t#gallery-1 img {\n\t\t\t\tborder: 2px solid #cfcfcf;\n\t\t\t}\n\t\t\t#gallery-1 .gallery-caption {\n\t\t\t\tmargin-left: 0;\n\t\t\t}\n\t\t\t\/* see gallery_shortcode() in wp-includes\/media.php *\/\n\t\t<\/style>\n\t\t<div id='gallery-1' class='gallery galleryid-1952 gallery-columns-4 gallery-size-medium_square_image_crop'><dl class='gallery-item'>\n\t\t\t<dt class='gallery-icon landscape'>\n\t\t\t\t<a href='https:\/\/locationsportmotoneige.com\/wp-content\/uploads\/2018\/11\/motoneige-ste-adele.jpg' title=\"\" data-rl_title=\"\" class=\"rl-gallery-link\" data-rl_caption=\"\" data-rel=\"lightbox-gallery-1\"><img loading=\"lazy\" decoding=\"async\" width=\"758\" height=\"503\" src=\"https:\/\/locationsportmotoneige.com\/wp-content\/uploads\/2018\/11\/motoneige-ste-adele.jpg\" class=\"attachment-medium_square_image_(crop) size-medium_square_image_(crop)\" alt=\"Motonieve\" srcset=\"https:\/\/locationsportmotoneige.com\/wp-content\/uploads\/2018\/11\/motoneige-ste-adele.jpg 758w, https:\/\/locationsportmotoneige.com\/wp-content\/uploads\/2018\/11\/motoneige-ste-adele-600x398.jpg 600w, https:\/\/locationsportmotoneige.com\/wp-content\/uploads\/2018\/11\/motoneige-ste-adele-300x199.jpg 300w\" sizes=\"(max-width: 758px) 100vw, 758px\" title=\"\"><\/a>\n\t\t\t<\/dt><\/dl><dl class='gallery-item'>\n\t\t\t<dt class='gallery-icon landscape'>\n\t\t\t\t<a href='https:\/\/locationsportmotoneige.com\/wp-content\/uploads\/2018\/11\/motoneige-ste-adele-1.jpg' title=\"\" data-rl_title=\"\" class=\"rl-gallery-link\" data-rl_caption=\"\" data-rel=\"lightbox-gallery-1\"><img loading=\"lazy\" decoding=\"async\" width=\"800\" height=\"534\" src=\"https:\/\/locationsportmotoneige.com\/wp-content\/uploads\/2018\/11\/motoneige-ste-adele-1.jpg\" class=\"attachment-medium_square_image_(crop) size-medium_square_image_(crop)\" alt=\"Motonieve\" srcset=\"https:\/\/locationsportmotoneige.com\/wp-content\/uploads\/2018\/11\/motoneige-ste-adele-1.jpg 800w, https:\/\/locationsportmotoneige.com\/wp-content\/uploads\/2018\/11\/motoneige-ste-adele-1-600x401.jpg 600w, https:\/\/locationsportmotoneige.com\/wp-content\/uploads\/2018\/11\/motoneige-ste-adele-1-300x200.jpg 300w, https:\/\/locationsportmotoneige.com\/wp-content\/uploads\/2018\/11\/motoneige-ste-adele-1-768x513.jpg 768w\" sizes=\"(max-width: 800px) 100vw, 800px\" title=\"\"><\/a>\n\t\t\t<\/dt><\/dl><dl class='gallery-item'>\n\t\t\t<dt class='gallery-icon landscape'>\n\t\t\t\t<a href='https:\/\/locationsportmotoneige.com\/wp-content\/uploads\/2018\/11\/motoneige-ste-adele-3.jpg' title=\"\" data-rl_title=\"\" class=\"rl-gallery-link\" data-rl_caption=\"\" data-rel=\"lightbox-gallery-1\"><img loading=\"lazy\" decoding=\"async\" width=\"800\" height=\"534\" src=\"https:\/\/locationsportmotoneige.com\/wp-content\/uploads\/2018\/11\/motoneige-ste-adele-3.jpg\" class=\"attachment-medium_square_image_(crop) size-medium_square_image_(crop)\" alt=\"Motonieve\" srcset=\"https:\/\/locationsportmotoneige.com\/wp-content\/uploads\/2018\/11\/motoneige-ste-adele-3.jpg 800w, https:\/\/locationsportmotoneige.com\/wp-content\/uploads\/2018\/11\/motoneige-ste-adele-3-600x401.jpg 600w, https:\/\/locationsportmotoneige.com\/wp-content\/uploads\/2018\/11\/motoneige-ste-adele-3-300x200.jpg 300w, https:\/\/locationsportmotoneige.com\/wp-content\/uploads\/2018\/11\/motoneige-ste-adele-3-768x513.jpg 768w\" sizes=\"(max-width: 800px) 100vw, 800px\" title=\"\"><\/a>\n\t\t\t<\/dt><\/dl><dl class='gallery-item'>\n\t\t\t<dt class='gallery-icon landscape'>\n\t\t\t\t<a href='https:\/\/locationsportmotoneige.com\/wp-content\/uploads\/2018\/11\/motoneige-ste-adele-4.jpg' title=\"\" data-rl_title=\"\" class=\"rl-gallery-link\" data-rl_caption=\"\" data-rel=\"lightbox-gallery-1\"><img loading=\"lazy\" decoding=\"async\" width=\"727\" height=\"485\" src=\"https:\/\/locationsportmotoneige.com\/wp-content\/uploads\/2018\/11\/motoneige-ste-adele-4.jpg\" class=\"attachment-medium_square_image_(crop) size-medium_square_image_(crop)\" alt=\"Motonieve\" srcset=\"https:\/\/locationsportmotoneige.com\/wp-content\/uploads\/2018\/11\/motoneige-ste-adele-4.jpg 727w, https:\/\/locationsportmotoneige.com\/wp-content\/uploads\/2018\/11\/motoneige-ste-adele-4-600x400.jpg 600w, https:\/\/locationsportmotoneige.com\/wp-content\/uploads\/2018\/11\/motoneige-ste-adele-4-300x200.jpg 300w\" sizes=\"(max-width: 727px) 100vw, 727px\" title=\"\"><\/a>\n\t\t\t<\/dt><\/dl><br style=\"clear: both\" \/><dl class='gallery-item'>\n\t\t\t<dt class='gallery-icon landscape'>\n\t\t\t\t<a href='https:\/\/locationsportmotoneige.com\/wp-content\/uploads\/2018\/11\/motoneige-ste-adele-5.jpg' title=\"\" data-rl_title=\"\" class=\"rl-gallery-link\" data-rl_caption=\"\" data-rel=\"lightbox-gallery-1\"><img loading=\"lazy\" decoding=\"async\" width=\"800\" height=\"534\" src=\"https:\/\/locationsportmotoneige.com\/wp-content\/uploads\/2018\/11\/motoneige-ste-adele-5.jpg\" class=\"attachment-medium_square_image_(crop) size-medium_square_image_(crop)\" alt=\"Motonieve\" srcset=\"https:\/\/locationsportmotoneige.com\/wp-content\/uploads\/2018\/11\/motoneige-ste-adele-5.jpg 800w, https:\/\/locationsportmotoneige.com\/wp-content\/uploads\/2018\/11\/motoneige-ste-adele-5-600x401.jpg 600w, https:\/\/locationsportmotoneige.com\/wp-content\/uploads\/2018\/11\/motoneige-ste-adele-5-300x200.jpg 300w, https:\/\/locationsportmotoneige.com\/wp-content\/uploads\/2018\/11\/motoneige-ste-adele-5-768x513.jpg 768w\" sizes=\"(max-width: 800px) 100vw, 800px\" title=\"\"><\/a>\n\t\t\t<\/dt><\/dl><dl class='gallery-item'>\n\t\t\t<dt class='gallery-icon landscape'>\n\t\t\t\t<a href='https:\/\/locationsportmotoneige.com\/wp-content\/uploads\/2018\/11\/motoneige-ste-adele-6.jpg' title=\"\" data-rl_title=\"\" class=\"rl-gallery-link\" data-rl_caption=\"\" data-rel=\"lightbox-gallery-1\"><img loading=\"lazy\" decoding=\"async\" width=\"800\" height=\"534\" src=\"https:\/\/locationsportmotoneige.com\/wp-content\/uploads\/2018\/11\/motoneige-ste-adele-6.jpg\" class=\"attachment-medium_square_image_(crop) size-medium_square_image_(crop)\" alt=\"Motonieve\" srcset=\"https:\/\/locationsportmotoneige.com\/wp-content\/uploads\/2018\/11\/motoneige-ste-adele-6.jpg 800w, https:\/\/locationsportmotoneige.com\/wp-content\/uploads\/2018\/11\/motoneige-ste-adele-6-600x401.jpg 600w, https:\/\/locationsportmotoneige.com\/wp-content\/uploads\/2018\/11\/motoneige-ste-adele-6-300x200.jpg 300w, https:\/\/locationsportmotoneige.com\/wp-content\/uploads\/2018\/11\/motoneige-ste-adele-6-768x513.jpg 768w\" sizes=\"(max-width: 800px) 100vw, 800px\" title=\"\"><\/a>\n\t\t\t<\/dt><\/dl><dl class='gallery-item'>\n\t\t\t<dt class='gallery-icon landscape'>\n\t\t\t\t<a href='https:\/\/locationsportmotoneige.com\/wp-content\/uploads\/2018\/11\/motoneige-ste-adele-7.jpg' title=\"\" data-rl_title=\"\" class=\"rl-gallery-link\" data-rl_caption=\"\" data-rel=\"lightbox-gallery-1\"><img loading=\"lazy\" decoding=\"async\" width=\"800\" height=\"534\" src=\"https:\/\/locationsportmotoneige.com\/wp-content\/uploads\/2018\/11\/motoneige-ste-adele-7.jpg\" class=\"attachment-medium_square_image_(crop) size-medium_square_image_(crop)\" alt=\"Motonieve\" srcset=\"https:\/\/locationsportmotoneige.com\/wp-content\/uploads\/2018\/11\/motoneige-ste-adele-7.jpg 800w, https:\/\/locationsportmotoneige.com\/wp-content\/uploads\/2018\/11\/motoneige-ste-adele-7-600x401.jpg 600w, https:\/\/locationsportmotoneige.com\/wp-content\/uploads\/2018\/11\/motoneige-ste-adele-7-300x200.jpg 300w, https:\/\/locationsportmotoneige.com\/wp-content\/uploads\/2018\/11\/motoneige-ste-adele-7-768x513.jpg 768w\" sizes=\"(max-width: 800px) 100vw, 800px\" title=\"\"><\/a>\n\t\t\t<\/dt><\/dl><dl class='gallery-item'>\n\t\t\t<dt class='gallery-icon landscape'>\n\t\t\t\t<a href='https:\/\/locationsportmotoneige.com\/wp-content\/uploads\/2018\/11\/motoneige-ste-adele-8.jpg' title=\"\" data-rl_title=\"\" class=\"rl-gallery-link\" data-rl_caption=\"\" data-rel=\"lightbox-gallery-1\"><img loading=\"lazy\" decoding=\"async\" width=\"800\" height=\"534\" src=\"https:\/\/locationsportmotoneige.com\/wp-content\/uploads\/2018\/11\/motoneige-ste-adele-8.jpg\" class=\"attachment-medium_square_image_(crop) size-medium_square_image_(crop)\" alt=\"Motonieve\" srcset=\"https:\/\/locationsportmotoneige.com\/wp-content\/uploads\/2018\/11\/motoneige-ste-adele-8.jpg 800w, https:\/\/locationsportmotoneige.com\/wp-content\/uploads\/2018\/11\/motoneige-ste-adele-8-600x401.jpg 600w, https:\/\/locationsportmotoneige.com\/wp-content\/uploads\/2018\/11\/motoneige-ste-adele-8-300x200.jpg 300w, https:\/\/locationsportmotoneige.com\/wp-content\/uploads\/2018\/11\/motoneige-ste-adele-8-768x513.jpg 768w\" sizes=\"(max-width: 800px) 100vw, 800px\" title=\"\"><\/a>\n\t\t\t<\/dt><\/dl><br style=\"clear: both\" \/>\n\t\t<\/div>\n[\/vc_column_text][\/vc_column][vc_column width=\u00bb1\/4&#8243; css=\u00bb.vc_custom_1544023983297{margin-top: 30px !important;margin-bottom: 35px !important;}\u00bb el_class=\u00bbpage-sidebar\u00bb][vc_widget_sidebar sidebar_id=\u00bbsidebar_main\u00bb el_class=\u00bbsidebarmain\u00bb][\/vc_column][\/vc_row]<\/p>\n<\/div>","protected":false},"excerpt":{"rendered":"<p>[vc_row css=\u00bb.vc_custom_1542225273368{margin-top: 25px !important;margin-bottom: 35px !important;}\u00bb][vc_column width=\u00bb3\/4&#8243;][vc_column_text el_class=\u00bbsc_section_subtitle titre-page\u00bb] Nuestra motonieves [\/vc_column_text][vc_separator color=\u00bbcustom\u00bb align=\u00bbalign_left\u00bb border_width=\u00bb3&#8243; el_width=\u00bb20&#8243; css=\u00bb.vc_custom_1543975570342{margin-top: 15px !important;margin-bottom: 35px !important;}\u00bb el_class=\u00bbborder-contenu\u00bb][vc_row_inner][vc_column_inner width=\u00bb1\/3&#8243;][vc_column_text css=\u00bb.vc_custom_1773949104353{margin-bottom: 25px !important;}\u00bb el_class=\u00bbtexte-bleu\u00bb] Yamaha RS Venture TF [\/vc_column_text][vc_single_image image=\u00bb2456&#8243; img_size=\u00bblarge\u00bb][\/vc_column_inner][vc_column_inner width=\u00bb1\/3&#8243;][vc_column_text css=\u00bb.vc_custom_1773949090004{margin-bottom: 25px !important;}\u00bb el_class=\u00bbtexte-bleu\u00bb] Arctic Cat ZR7000 2027 [\/vc_column_text][vc_single_image image=\u00bb3427&#8243; img_size=\u00bblarge\u00bb css=\u00bb\u00bb][\/vc_column_inner][vc_column_inner width=\u00bb1\/3&#8243;][vc_column_text css=\u00bb.vc_custom_1765465262941{margin-bottom: 25px !important;}\u00bb el_class=\u00bbtexte-bleu\u00bb] Taiga Nomad el\u00e9ctrico [&hellip;]<\/p>\n","protected":false},"author":13,"featured_media":0,"parent":0,"menu_order":0,"comment_status":"closed","ping_status":"closed","template":"","meta":{"footnotes":""},"class_list":["post-1952","page","type-page","status-publish","hentry"],"_links":{"self":[{"href":"https:\/\/locationsportmotoneige.com\/es\/wp-json\/wp\/v2\/pages\/1952"}],"collection":[{"href":"https:\/\/locationsportmotoneige.com\/es\/wp-json\/wp\/v2\/pages"}],"about":[{"href":"https:\/\/locationsportmotoneige.com\/es\/wp-json\/wp\/v2\/types\/page"}],"author":[{"embeddable":true,"href":"https:\/\/locationsportmotoneige.com\/es\/wp-json\/wp\/v2\/users\/13"}],"replies":[{"embeddable":true,"href":"https:\/\/locationsportmotoneige.com\/es\/wp-json\/wp\/v2\/comments?post=1952"}],"version-history":[{"count":9,"href":"https:\/\/locationsportmotoneige.com\/es\/wp-json\/wp\/v2\/pages\/1952\/revisions"}],"predecessor-version":[{"id":3430,"href":"https:\/\/locationsportmotoneige.com\/es\/wp-json\/wp\/v2\/pages\/1952\/revisions\/3430"}],"wp:attachment":[{"href":"https:\/\/locationsportmotoneige.com\/es\/wp-json\/wp\/v2\/media?parent=1952"}],"curies":[{"name":"wp","href":"https:\/\/api.w.org\/{rel}","templated":true}]}}